{"id":1704,"date":"2025-07-29T13:31:44","date_gmt":"2025-07-29T16:31:44","guid":{"rendered":"https:\/\/www.ciadoescritorio.com.br\/?post_type=product&#038;p=1704"},"modified":"2025-07-29T13:31:44","modified_gmt":"2025-07-29T16:31:44","slug":"estante-star","status":"publish","type":"product","link":"https:\/\/www.ciadoescritorio.com.br\/?product=estante-star","title":{"rendered":"ESTANTE STAR"},"content":{"rendered":"<p>&#8211; Estrutura em MDP 18mm de espessura com fita de borda ABS com 1mm de<br \/>\nespessura;<br \/>\n&#8211; Cinco prateleiras;<br \/>\n&#8211; Sapatas pl\u00e1sticas;<br \/>\n&#8211; Fixa\u00e7\u00e3o com tambor e parafuso minifix;<br \/>\n&#8211; Acompanha 2 suportes tipo cantoneira com buchas para fixa\u00e7\u00e3o na parede;<br \/>\n&#8211; Capacidade de carga:<br \/>\n8 Kg distribu\u00eddos uniformemente por prateleira.<br \/>\n&#8211; Medidas do Produto: 818x330x1340mm (CxPxA);<br \/>\n&#8211; Medidas da Embalagem: 1430x440x100mm (01 Volume);<br \/>\n&#8211; Peso l\u00edquido 18,000Kg;<br \/>\n&#8211; Peso bruto 19,000Kg;<br \/>\n&#8211; Cubagem: 0,063m3;<br \/>\n&#8211; Op\u00e7\u00f5es de acabamentos\/c\u00f3digos:<\/p>\n<p>5944 &#8211; FREIJ\u00d3<br \/>\n5945 &#8211; FREIJ\u00d3\/BRANCO<br \/>\n6185 &#8211; PRETO<br \/>\n6194 &#8211; OLMO<br \/>\n6379 &#8211; NOGAL<\/p>\n","protected":false},"excerpt":{"rendered":"<p>&#8211; Estrutura em MDP 18mm de espessura com fita de borda ABS com 1mm de espessura; &#8211; Cinco prateleiras; &#8211; Sapatas pl\u00e1sticas; &#8211; Fixa\u00e7\u00e3o com tambor e parafuso minifix; &#8211; Acompanha 2 suportes tipo cantoneira com buchas para fixa\u00e7\u00e3o na parede; &#8211; Capacidade de carga: 8 Kg distribu\u00eddos uniformemente por prateleira. &#8211; Medidas do Produto: [&hellip;]<\/p>\n","protected":false},"featured_media":1720,"comment_status":"open","ping_status":"closed","template":"","meta":[],"product_brand":[],"product_cat":[39,28],"product_tag":[],"class_list":{"0":"post-1704","1":"product","2":"type-product","3":"status-publish","4":"has-post-thumbnail","6":"product_cat-estantes","7":"product_cat-moveis","9":"first","10":"instock","11":"shipping-taxable","12":"product-type-simple"},"_links":{"self":[{"href":"https:\/\/www.ciadoescritorio.com.br\/index.php?rest_route=\/wp\/v2\/product\/1704","targetHints":{"allow":["GET"]}}],"collection":[{"href":"https:\/\/www.ciadoescritorio.com.br\/index.php?rest_route=\/wp\/v2\/product"}],"about":[{"href":"https:\/\/www.ciadoescritorio.com.br\/index.php?rest_route=\/wp\/v2\/types\/product"}],"replies":[{"embeddable":true,"href":"https:\/\/www.ciadoescritorio.com.br\/index.php?rest_route=%2Fwp%2Fv2%2Fcomments&post=1704"}],"wp:featuredmedia":[{"embeddable":true,"href":"https:\/\/www.ciadoescritorio.com.br\/index.php?rest_route=\/wp\/v2\/media\/1720"}],"wp:attachment":[{"href":"https:\/\/www.ciadoescritorio.com.br\/index.php?rest_route=%2Fwp%2Fv2%2Fmedia&parent=1704"}],"wp:term":[{"taxonomy":"product_brand","embeddable":true,"href":"https:\/\/www.ciadoescritorio.com.br\/index.php?rest_route=%2Fwp%2Fv2%2Fproduct_brand&post=1704"},{"taxonomy":"product_cat","embeddable":true,"href":"https:\/\/www.ciadoescritorio.com.br\/index.php?rest_route=%2Fwp%2Fv2%2Fproduct_cat&post=1704"},{"taxonomy":"product_tag","embeddable":true,"href":"https:\/\/www.ciadoescritorio.com.br\/index.php?rest_route=%2Fwp%2Fv2%2Fproduct_tag&post=1704"}],"curies":[{"name":"wp","href":"https:\/\/api.w.org\/{rel}","templated":true}]}}