{"id":1748,"date":"2025-07-29T13:53:41","date_gmt":"2025-07-29T16:53:41","guid":{"rendered":"https:\/\/www.ciadoescritorio.com.br\/?post_type=product&#038;p=1748"},"modified":"2025-07-29T13:54:04","modified_gmt":"2025-07-29T16:54:04","slug":"estante-clean-450x812","status":"publish","type":"product","link":"https:\/\/www.ciadoescritorio.com.br\/?product=estante-clean-450x812","title":{"rendered":"ESTANTE CLEAN 450X812"},"content":{"rendered":"<p>&#8211; Estrutura em MDP 15mm com fita de borda ABS com 0,45mm de espessura;<br \/>\n&#8211; Duas prateleiras fixas;<br \/>\n&#8211; Quatro sapatas pl\u00e1sticas;<br \/>\n&#8211; Fixa\u00e7\u00e3o com tambor, parafuso e minifix;<br \/>\n&#8211; Capacidade de carga:<br \/>\n5 Kg por prateleira, 10kg na base, 10 kg no tampo.<br \/>\n&#8211; Medidas do Produto: 450 x 301 x 812 mm (CxPxA);<br \/>\n&#8211; Medidas da Embalagem: 880 x 335 x 95 mm (01 Volume);<br \/>\n&#8211; Peso l\u00edquido 10,500 Kg;<br \/>\n&#8211; Peso bruto 11,000 Kg;<br \/>\n&#8211; Cubagem: 0,028m3<br \/>\n&#8211; Op\u00e7\u00f5es de acabamentos\/c\u00f3digos:<\/p>\n<p>5319 &#8211; BRANCO<br \/>\n5324 &#8211; PRETO<\/p>\n","protected":false},"excerpt":{"rendered":"<p>&#8211; Estrutura em MDP 15mm com fita de borda ABS com 0,45mm de espessura; &#8211; Duas prateleiras fixas; &#8211; Quatro sapatas pl\u00e1sticas; &#8211; Fixa\u00e7\u00e3o com tambor, parafuso e minifix; &#8211; Capacidade de carga: 5 Kg por prateleira, 10kg na base, 10 kg no tampo. &#8211; Medidas do Produto: 450 x 301 x 812 mm (CxPxA); [&hellip;]<\/p>\n","protected":false},"featured_media":1750,"comment_status":"open","ping_status":"closed","template":"","meta":[],"product_brand":[],"product_cat":[39,28],"product_tag":[],"class_list":{"0":"post-1748","1":"product","2":"type-product","3":"status-publish","4":"has-post-thumbnail","6":"product_cat-estantes","7":"product_cat-moveis","9":"first","10":"instock","11":"shipping-taxable","12":"product-type-simple"},"_links":{"self":[{"href":"https:\/\/www.ciadoescritorio.com.br\/index.php?rest_route=\/wp\/v2\/product\/1748","targetHints":{"allow":["GET"]}}],"collection":[{"href":"https:\/\/www.ciadoescritorio.com.br\/index.php?rest_route=\/wp\/v2\/product"}],"about":[{"href":"https:\/\/www.ciadoescritorio.com.br\/index.php?rest_route=\/wp\/v2\/types\/product"}],"replies":[{"embeddable":true,"href":"https:\/\/www.ciadoescritorio.com.br\/index.php?rest_route=%2Fwp%2Fv2%2Fcomments&post=1748"}],"wp:featuredmedia":[{"embeddable":true,"href":"https:\/\/www.ciadoescritorio.com.br\/index.php?rest_route=\/wp\/v2\/media\/1750"}],"wp:attachment":[{"href":"https:\/\/www.ciadoescritorio.com.br\/index.php?rest_route=%2Fwp%2Fv2%2Fmedia&parent=1748"}],"wp:term":[{"taxonomy":"product_brand","embeddable":true,"href":"https:\/\/www.ciadoescritorio.com.br\/index.php?rest_route=%2Fwp%2Fv2%2Fproduct_brand&post=1748"},{"taxonomy":"product_cat","embeddable":true,"href":"https:\/\/www.ciadoescritorio.com.br\/index.php?rest_route=%2Fwp%2Fv2%2Fproduct_cat&post=1748"},{"taxonomy":"product_tag","embeddable":true,"href":"https:\/\/www.ciadoescritorio.com.br\/index.php?rest_route=%2Fwp%2Fv2%2Fproduct_tag&post=1748"}],"curies":[{"name":"wp","href":"https:\/\/api.w.org\/{rel}","templated":true}]}}