{"id":1889,"date":"2025-10-01T13:10:33","date_gmt":"2025-10-01T16:10:33","guid":{"rendered":"https:\/\/www.ciadoescritorio.com.br\/?post_type=product&#038;p=1889"},"modified":"2025-10-01T13:10:33","modified_gmt":"2025-10-01T16:10:33","slug":"armario-estante-new-city","status":"publish","type":"product","link":"https:\/\/www.ciadoescritorio.com.br\/?product=armario-estante-new-city","title":{"rendered":"ARM\u00c1RIO ESTANTE &#8211; NEW CITY"},"content":{"rendered":"<p><strong>Linha New City<\/strong><\/p>\n<p><strong>MDP: <\/strong>15mm<\/p>\n<p><strong>Cores:<\/strong><br \/>\ncinza \/ preto<br \/>\ncinza \/ cinza<br \/>\ncalvi\u00a0\/\u00a0preto<\/p>\n<p><strong>Altura:<\/strong> 1600mm<br \/>\n<strong>Largura:<\/strong> 800mm<br \/>\n<strong>Profundidade:<\/strong> 420mm<\/p>\n<p><strong>Observa\u00e7\u00f5es:<\/strong><br \/>\n&#8211; 2 prateleiras regul\u00e1veis e 1 prateleira fixa com\u00a0chave<\/p>\n","protected":false},"excerpt":{"rendered":"<p>Linha New City MDP: 15mm Cores: cinza \/ preto cinza \/ cinza calvi\u00a0\/\u00a0preto Altura: 1600mm Largura: 800mm Profundidade: 420mm Observa\u00e7\u00f5es: &#8211; 2 prateleiras regul\u00e1veis e 1 prateleira fixa com\u00a0chave<\/p>\n","protected":false},"featured_media":1890,"comment_status":"open","ping_status":"closed","template":"","meta":[],"product_brand":[],"product_cat":[33,28],"product_tag":[],"class_list":{"0":"post-1889","1":"product","2":"type-product","3":"status-publish","4":"has-post-thumbnail","6":"product_cat-armario","7":"product_cat-moveis","9":"first","10":"instock","11":"shipping-taxable","12":"product-type-simple"},"_links":{"self":[{"href":"https:\/\/www.ciadoescritorio.com.br\/index.php?rest_route=\/wp\/v2\/product\/1889","targetHints":{"allow":["GET"]}}],"collection":[{"href":"https:\/\/www.ciadoescritorio.com.br\/index.php?rest_route=\/wp\/v2\/product"}],"about":[{"href":"https:\/\/www.ciadoescritorio.com.br\/index.php?rest_route=\/wp\/v2\/types\/product"}],"replies":[{"embeddable":true,"href":"https:\/\/www.ciadoescritorio.com.br\/index.php?rest_route=%2Fwp%2Fv2%2Fcomments&post=1889"}],"wp:featuredmedia":[{"embeddable":true,"href":"https:\/\/www.ciadoescritorio.com.br\/index.php?rest_route=\/wp\/v2\/media\/1890"}],"wp:attachment":[{"href":"https:\/\/www.ciadoescritorio.com.br\/index.php?rest_route=%2Fwp%2Fv2%2Fmedia&parent=1889"}],"wp:term":[{"taxonomy":"product_brand","embeddable":true,"href":"https:\/\/www.ciadoescritorio.com.br\/index.php?rest_route=%2Fwp%2Fv2%2Fproduct_brand&post=1889"},{"taxonomy":"product_cat","embeddable":true,"href":"https:\/\/www.ciadoescritorio.com.br\/index.php?rest_route=%2Fwp%2Fv2%2Fproduct_cat&post=1889"},{"taxonomy":"product_tag","embeddable":true,"href":"https:\/\/www.ciadoescritorio.com.br\/index.php?rest_route=%2Fwp%2Fv2%2Fproduct_tag&post=1889"}],"curies":[{"name":"wp","href":"https:\/\/api.w.org\/{rel}","templated":true}]}}