{"id":713,"date":"2025-07-14T15:59:51","date_gmt":"2025-07-14T18:59:51","guid":{"rendered":"https:\/\/www.ciadoescritorio.com.br\/?post_type=product&#038;p=713"},"modified":"2025-10-09T02:39:05","modified_gmt":"2025-10-09T05:39:05","slug":"columbus-presidente","status":"publish","type":"product","link":"https:\/\/www.ciadoescritorio.com.br\/produto\/columbus-presidente\/","title":{"rendered":"COLUMBUS PRESIDENTE"},"content":{"rendered":"<p><b>Material:\u00a0<\/b><span class=\"selectable-text copyable-text\">Polipropileno, tela de alta resist\u00eancia e base de nylon. Rod\u00edzio em nylon.<\/span><\/p>\n<p><b>Cor Dispon\u00edvel:<\/b>\u00a0Preto<\/p>\n<p><b>Peso Suportado:\u00a0<\/b>150kg<\/p>\n<p><b>Dimens\u00f5es:<\/b>\u00a0C 61,5 x L 64 x A 119-129 cm | Altura Assento: 47-57 cm<\/p>\n<p><b>Densidade da Espuma:\u00a0<\/b>45 g\/cm<sup>3<\/sup>\u00a0(Espuma Injetada)<\/p>\n<p><b>Caracter\u00edsticas:<\/b>\u00a0Regulagem de altura do assento | Regulagem de altura dos bra\u00e7os | Assento com espuma injetada | Regulagem da inclina\u00e7\u00e3o do encosto | Sistema sincronizado (travamento do encosto em qualquer posi\u00e7\u00e3o) | Apoio de lombar regul\u00e1vel | Apoio de cabe\u00e7a Regul\u00e1vel | Mecanismo Slide no assento (ajuste do assento ir pra frente ou tr\u00e1s) | Opcional de Base em Alum\u00ednio Fundido e Bra\u00e7os Regul\u00e1veis 4D (regulagem de altura, horizontal e vertical, e giro) | Ergon\u00f4mica \u2013 Certifica\u00e7\u00e3o NR 17<\/p>\n<p><b>Certifica\u00e7\u00e3o:\u00a0<\/b>Ergonomia \u2013 NR 17<\/p>\n<p><b>Descri\u00e7\u00e3o:\u00a0<\/b>A cadeira Columbus Presidente, por ser ergon\u00f4mica, \u00e9 perfeita para trabalhar, seja no escrit\u00f3rio ou em casa! Totalmente ajust\u00e1vel, com regulagem de bra\u00e7os, assento e encosto, se adapta \u00e0s necessidades de cada pessoa. Seu assento em espuma injetada proporciona conforto, enquanto o encosto em tela com apoio lombar e cabe\u00e7a previne dores nas costas e se molda ao corpo. Certificada pela NR17, garante uma postura correta e ergon\u00f4mica durante o uso.<\/p>\n<p><strong>Garantia:<\/strong>\u00a0Essa cadeira possui 01 ano de garantia para defeitos de fabrica\u00e7\u00e3o e 05 anos de garantia para seus mecanismos!<\/p>\n","protected":false},"excerpt":{"rendered":"<p>Material:\u00a0Polipropileno, tela de alta resist\u00eancia e base de nylon. Rod\u00edzio em nylon. Cor Dispon\u00edvel:\u00a0Preto Peso Suportado:\u00a0150kg Dimens\u00f5es:\u00a0C 61,5 x L 64 x A 119-129 cm | Altura Assento: 47-57 cm Densidade da Espuma:\u00a045 g\/cm3\u00a0(Espuma Injetada) Caracter\u00edsticas:\u00a0Regulagem de altura do assento | Regulagem de altura dos bra\u00e7os | Assento com espuma injetada | Regulagem da inclina\u00e7\u00e3o [&hellip;]<\/p>\n","protected":false},"featured_media":715,"comment_status":"open","ping_status":"closed","template":"","meta":[],"product_brand":[],"product_cat":[16,23],"product_tag":[],"class_list":{"0":"post-713","1":"product","2":"type-product","3":"status-publish","4":"has-post-thumbnail","6":"product_cat-cadeiras","7":"product_cat-giratoria","9":"first","10":"instock","11":"shipping-taxable","12":"product-type-simple"},"_links":{"self":[{"href":"https:\/\/www.ciadoescritorio.com.br\/wp-json\/wp\/v2\/product\/713","targetHints":{"allow":["GET"]}}],"collection":[{"href":"https:\/\/www.ciadoescritorio.com.br\/wp-json\/wp\/v2\/product"}],"about":[{"href":"https:\/\/www.ciadoescritorio.com.br\/wp-json\/wp\/v2\/types\/product"}],"replies":[{"embeddable":true,"href":"https:\/\/www.ciadoescritorio.com.br\/wp-json\/wp\/v2\/comments?post=713"}],"wp:featuredmedia":[{"embeddable":true,"href":"https:\/\/www.ciadoescritorio.com.br\/wp-json\/wp\/v2\/media\/715"}],"wp:attachment":[{"href":"https:\/\/www.ciadoescritorio.com.br\/wp-json\/wp\/v2\/media?parent=713"}],"wp:term":[{"taxonomy":"product_brand","embeddable":true,"href":"https:\/\/www.ciadoescritorio.com.br\/wp-json\/wp\/v2\/product_brand?post=713"},{"taxonomy":"product_cat","embeddable":true,"href":"https:\/\/www.ciadoescritorio.com.br\/wp-json\/wp\/v2\/product_cat?post=713"},{"taxonomy":"product_tag","embeddable":true,"href":"https:\/\/www.ciadoescritorio.com.br\/wp-json\/wp\/v2\/product_tag?post=713"}],"curies":[{"name":"wp","href":"https:\/\/api.w.org\/{rel}","templated":true}]}}